{"id":2148,"date":"2025-12-01T18:56:05","date_gmt":"2025-12-01T17:56:05","guid":{"rendered":"https:\/\/www.castrobrey.com\/la-tierra\/"},"modified":"2026-04-06T13:02:28","modified_gmt":"2026-04-06T11:02:28","slug":"the-soil","status":"publish","type":"page","link":"https:\/\/www.castrobrey.com\/en\/the-soil\/","title":{"rendered":"The soil"},"content":{"rendered":"\n<div>\n<div class=\"gb-element-8acd14ba bg-block bg-tierra-01\">\n<div class=\"gb-element-11ae465d\">\n<div class=\"contenedor_titulos gb-element-9573d7f3\">\n<h1 class=\"gb-text titulo_pagina gb-text-eaaf2d28\">The Soil<br>and the Place<\/h1>\n<\/div>\n\n\n\n<p class=\"gb-text parrafo_drch gb-text-97b6580a\">Where it all begins, our landscape, our essence.<\/p>\n<\/div>\n<\/div>\n\n\n\n<div class=\"gb-element-5ac1d885\">\n<p class=\"gb-text destacado_abajo gb-text-cfa46c2f\">Where it all begins, our landscape, our essence.<\/p>\n<\/div>\n<\/div>\n\n<div>\n<div class=\"gb-element-a8439559 bg-block bg-tierra-02 lazy-bg\">\n<div class=\"gb-element-55477a97\">\n<div class=\"contenedor_titulos\">\n<h2 class=\"gb-text titulares\">FROM THE AIR<\/h2>\n<\/div>\n\n\n\n<p class=\"gb-text parrafo_drch\">Here, the land is organised around water, in a fertile landscape shaped by rivers and rainfall. It is a unique territory where the Atlantic and Mediterranean climates embrace each other and where nothing is what it seems. <\/p>\n<\/div>\n\n\n\n<div class=\"gb-element-7ade86f0\">\n<p class=\"gb-text destacado_abajo\"><br>We belong to a place where the earth speaks before anyone else. And it is listened to. <\/p>\n<\/div>\n<\/div>\n\n\n\n<div class=\"gb-element-e46f565a\">\n<div class=\"gb-element-cceca9dc\">\n<h2 class=\"gb-text titulares\"><strong><strong>FROM THE AIR<\/strong><\/strong><\/h2>\n<\/div>\n\n\n\n<p class=\"gb-text parrafo_drch\">Here, the land is organised around water. It is a unique territory where climates embrace each other and nothing is what it seems. A place where the land speaks before anyone else. And it is listened to.   <\/p>\n<\/div>\n<\/div>\n\n<div>\n<div class=\"gb-element-bf84f88f bg-block bg-tierra-03 lazy-bg\">\n<div class=\"gb-element-fd1444c0\">\n<div class=\"contenedor_titulos\">\n<h2 class=\"gb-text titulares\">FROM THE WATER<\/h2>\n<\/div>\n\n\n\n<p class=\"gb-text parrafo_drch\">The sound of water sets our pace. A murmur that, together with the whisper of the leaves, invites you to close your eyes and discover the soul of this place. <\/p>\n<\/div>\n\n\n\n<div class=\"gb-element-e7937f78\">\n<p class=\"gb-text destacado_abajo\">We believe that our wines make you feel the same way they do.<\/p>\n<\/div>\n<\/div>\n\n\n\n<div class=\"gb-element-9f8f891f\">\n<div class=\"gb-element-7f522c68\">\n<h2 class=\"gb-text titulares\"><strong><strong>FROM THE WATER<\/strong><\/strong><\/h2>\n<\/div>\n\n\n\n<p class=\"gb-text parrafo_drch\">The sound of water and the whisper of the wind through the leaves invite you to close your eyes and discover the soul of this place. We believe that our wines make you feel the same way they do. <\/p>\n<\/div>\n<\/div>\n\n<div>\n<div class=\"gb-element-1355e4aa bg-block bg-tierra-04 lazy-bg\">\n<div class=\"gb-element-9ece4cfe\">\n<div class=\"contenedor_titulos\">\n<h2 class=\"gb-text titulares\">TO THE GROUND<\/h2>\n<\/div>\n\n\n\n<div>\n<p class=\"gb-text parrafo_drch\">We tread on complex soil, rich in minerals and memory. The vineyard blends naturally into the landscape, adapting to the terrain, becoming part of it, without forgetting that its origins lie beneath our feet. <\/p>\n\n\n\n<div class=\"contenedor_subtitulos\">\n<p class=\"gb-text parrafo_destacado\">Feel the pulse of the earth.<\/p>\n<\/div>\n<\/div>\n<\/div>\n<\/div>\n\n\n\n<div class=\"gb-element-424d4130\">\n<div class=\"gb-element-bb1be7df\">\n<h2 class=\"gb-text titulares\"><strong><strong><strong>TO THE GROUND<\/strong><\/strong><\/strong><\/h2>\n<\/div>\n\n\n\n<p class=\"gb-text parrafo_drch\">We tread on complex soil, rich in minerals and memories. The vineyard blends naturally into the landscape, becoming part of it, without forgetting that its origins lie beneath its feet. El vi\u00f1edo se integra en el paisaje de forma natural, siendo uno m\u00e1s y sin olvidar que el origen est\u00e1 bajo sus pies. Feel the pulse of the earth.<\/p>\n\n\n\n<p class=\"gb-text gb-text-ce8b0677\">Stop for a moment. Can you feel the pulse of the earth beneath your feet?<\/p>\n<\/div>\n<\/div>\n\n<div>\n<div class=\"gb-element-85044d23 bg-block bg-tierra-05 lazy-bg\">\n<div class=\"gb-element-f8f6a716\">\n<div class=\"contenedor_titulos\">\n<h2 class=\"gb-text titulares\">AND BELOW THE GROUND<\/h2>\n<\/div>\n\n\n\n<div>\n<p class=\"gb-text parrafo_drch\">Our oldest vines sink their roots deep in search of what no one can see. They feed on the essence of clay, iron, quartz and quartzite, giving our wines serenity and depth. <\/p>\n\n\n\n<div class=\"contenedor_subtitulos\">\n<p class=\"gb-text parrafo_destacado\">The roots guide us along an invisible path to where it all begins.<\/p>\n<\/div>\n<\/div>\n<\/div>\n<\/div>\n\n\n\n<div class=\"gb-element-493b0585\">\n<div class=\"gb-element-c0bb4fa1\">\n<h2 class=\"gb-text titulares\"><strong><strong><strong><strong><strong>AND BELOW THE GROUND<\/strong><\/strong><\/strong><\/strong><\/strong><\/h2>\n<\/div>\n\n\n\n<p class=\"gb-text parrafo_drch\">Our oldest vines sink their roots deep in search of what no one can see. They feed on the essence of clay, iron, quartz and quartzite, giving our wines serenity and depth. <\/p>\n\n\n\n<p class=\"gb-text gb-text-018b2a56\">It is the deepest roots that guide us along an invisible path towards the origin.<\/p>\n<\/div>\n<\/div>\n","protected":false},"excerpt":{"rendered":"<p>The Soiland the Place Where it all begins, our landscape, our essence. Where it all begins, our landscape, our essence. FROM THE AIR Here, the land is organised around water, in a fertile landscape shaped by rivers and rainfall. It is a unique territory where the Atlantic and Mediterranean climates embrace each other and where &#8230; <a title=\"The soil\" class=\"read-more\" href=\"https:\/\/www.castrobrey.com\/en\/the-soil\/\" aria-label=\"Read more about The soil\">Read more<\/a><\/p>\n","protected":false},"author":1,"featured_media":0,"parent":0,"menu_order":2,"comment_status":"closed","ping_status":"closed","template":"","meta":{"footnotes":""},"class_list":["post-2148","page","type-page","status-publish"],"yoast_head":"<!-- This site is optimized with the Yoast SEO plugin v26.5 - https:\/\/yoast.com\/wordpress\/plugins\/seo\/ -->\n<title>The Soil - CastroBrey Vineyard Terroir | Ulla Valley<\/title>\n<meta name=\"description\" content=\"Our 50-year-old vines sink roots deep into mineral-rich soils of clay, iron, quartz &amp; quartzite. Located in the Ulla valley&#039;s inland R\u00edas Baixas, our terroir gives wines serenity and depth.\" \/>\n<meta name=\"robots\" content=\"index, follow, max-snippet:-1, max-image-preview:large, max-video-preview:-1\" \/>\n<link rel=\"canonical\" href=\"https:\/\/www.castrobrey.com\/en\/the-soil\/\" \/>\n<meta property=\"og:locale\" content=\"en_US\" \/>\n<meta property=\"og:type\" content=\"article\" \/>\n<meta property=\"og:title\" content=\"The Soil - CastroBrey Vineyard Terroir | Ulla Valley\" \/>\n<meta property=\"og:description\" content=\"Our 50-year-old vines sink roots deep into mineral-rich soils of clay, iron, quartz &amp; quartzite. Located in the Ulla valley&#039;s inland R\u00edas Baixas, our terroir gives wines serenity and depth.\" \/>\n<meta property=\"og:url\" content=\"https:\/\/www.castrobrey.com\/en\/the-soil\/\" \/>\n<meta property=\"og:site_name\" content=\"Sin Palabras\" \/>\n<meta property=\"article:modified_time\" content=\"2026-04-06T11:02:28+00:00\" \/>\n<meta name=\"twitter:card\" content=\"summary_large_image\" \/>\n<meta name=\"twitter:label1\" content=\"Est. reading time\" \/>\n\t<meta name=\"twitter:data1\" content=\"2 minutes\" \/>\n<script type=\"application\/ld+json\" class=\"yoast-schema-graph\">{\"@context\":\"https:\/\/schema.org\",\"@graph\":[{\"@type\":\"WebPage\",\"@id\":\"https:\/\/www.castrobrey.com\/en\/the-soil\/\",\"url\":\"https:\/\/www.castrobrey.com\/en\/the-soil\/\",\"name\":\"The Soil - CastroBrey Vineyard Terroir | Ulla Valley\",\"isPartOf\":{\"@id\":\"https:\/\/www.castrobrey.com\/#website\"},\"datePublished\":\"2025-12-01T17:56:05+00:00\",\"dateModified\":\"2026-04-06T11:02:28+00:00\",\"description\":\"Our 50-year-old vines sink roots deep into mineral-rich soils of clay, iron, quartz & quartzite. Located in the Ulla valley's inland R\u00edas Baixas, our terroir gives wines serenity and depth.\",\"breadcrumb\":{\"@id\":\"https:\/\/www.castrobrey.com\/en\/the-soil\/#breadcrumb\"},\"inLanguage\":\"en-US\",\"potentialAction\":[{\"@type\":\"ReadAction\",\"target\":[\"https:\/\/www.castrobrey.com\/en\/the-soil\/\"]}]},{\"@type\":\"BreadcrumbList\",\"@id\":\"https:\/\/www.castrobrey.com\/en\/the-soil\/#breadcrumb\",\"itemListElement\":[{\"@type\":\"ListItem\",\"position\":1,\"name\":\"Portada\",\"item\":\"https:\/\/www.castrobrey.com\/en\/\"},{\"@type\":\"ListItem\",\"position\":2,\"name\":\"The soil\"}]},{\"@type\":\"WebSite\",\"@id\":\"https:\/\/www.castrobrey.com\/#website\",\"url\":\"https:\/\/www.castrobrey.com\/\",\"name\":\"Sin Palabras\",\"description\":\"Adegas Castrobrey\",\"publisher\":{\"@id\":\"https:\/\/www.castrobrey.com\/#organization\"},\"potentialAction\":[{\"@type\":\"SearchAction\",\"target\":{\"@type\":\"EntryPoint\",\"urlTemplate\":\"https:\/\/www.castrobrey.com\/?s={search_term_string}\"},\"query-input\":{\"@type\":\"PropertyValueSpecification\",\"valueRequired\":true,\"valueName\":\"search_term_string\"}}],\"inLanguage\":\"en-US\"},{\"@type\":\"Organization\",\"@id\":\"https:\/\/www.castrobrey.com\/#organization\",\"name\":\"Sin Palabras\",\"url\":\"https:\/\/www.castrobrey.com\/\",\"logo\":{\"@type\":\"ImageObject\",\"inLanguage\":\"en-US\",\"@id\":\"https:\/\/www.castrobrey.com\/#\/schema\/logo\/image\/\",\"url\":\"https:\/\/www.castrobrey.com\/wp-content\/uploads\/sin_palabras-negro.jpg\",\"contentUrl\":\"https:\/\/www.castrobrey.com\/wp-content\/uploads\/sin_palabras-negro.jpg\",\"width\":1000,\"height\":126,\"caption\":\"Sin Palabras\"},\"image\":{\"@id\":\"https:\/\/www.castrobrey.com\/#\/schema\/logo\/image\/\"}}]}<\/script>\n<!-- \/ Yoast SEO plugin. -->","yoast_head_json":{"title":"The Soil - CastroBrey Vineyard Terroir | Ulla Valley","description":"Our 50-year-old vines sink roots deep into mineral-rich soils of clay, iron, quartz & quartzite. Located in the Ulla valley's inland R\u00edas Baixas, our terroir gives wines serenity and depth.","robots":{"index":"index","follow":"follow","max-snippet":"max-snippet:-1","max-image-preview":"max-image-preview:large","max-video-preview":"max-video-preview:-1"},"canonical":"https:\/\/www.castrobrey.com\/en\/the-soil\/","og_locale":"en_US","og_type":"article","og_title":"The Soil - CastroBrey Vineyard Terroir | Ulla Valley","og_description":"Our 50-year-old vines sink roots deep into mineral-rich soils of clay, iron, quartz & quartzite. Located in the Ulla valley's inland R\u00edas Baixas, our terroir gives wines serenity and depth.","og_url":"https:\/\/www.castrobrey.com\/en\/the-soil\/","og_site_name":"Sin Palabras","article_modified_time":"2026-04-06T11:02:28+00:00","twitter_card":"summary_large_image","twitter_misc":{"Est. reading time":"2 minutes"},"schema":{"@context":"https:\/\/schema.org","@graph":[{"@type":"WebPage","@id":"https:\/\/www.castrobrey.com\/en\/the-soil\/","url":"https:\/\/www.castrobrey.com\/en\/the-soil\/","name":"The Soil - CastroBrey Vineyard Terroir | Ulla Valley","isPartOf":{"@id":"https:\/\/www.castrobrey.com\/#website"},"datePublished":"2025-12-01T17:56:05+00:00","dateModified":"2026-04-06T11:02:28+00:00","description":"Our 50-year-old vines sink roots deep into mineral-rich soils of clay, iron, quartz & quartzite. Located in the Ulla valley's inland R\u00edas Baixas, our terroir gives wines serenity and depth.","breadcrumb":{"@id":"https:\/\/www.castrobrey.com\/en\/the-soil\/#breadcrumb"},"inLanguage":"en-US","potentialAction":[{"@type":"ReadAction","target":["https:\/\/www.castrobrey.com\/en\/the-soil\/"]}]},{"@type":"BreadcrumbList","@id":"https:\/\/www.castrobrey.com\/en\/the-soil\/#breadcrumb","itemListElement":[{"@type":"ListItem","position":1,"name":"Portada","item":"https:\/\/www.castrobrey.com\/en\/"},{"@type":"ListItem","position":2,"name":"The soil"}]},{"@type":"WebSite","@id":"https:\/\/www.castrobrey.com\/#website","url":"https:\/\/www.castrobrey.com\/","name":"Sin Palabras","description":"Adegas Castrobrey","publisher":{"@id":"https:\/\/www.castrobrey.com\/#organization"},"potentialAction":[{"@type":"SearchAction","target":{"@type":"EntryPoint","urlTemplate":"https:\/\/www.castrobrey.com\/?s={search_term_string}"},"query-input":{"@type":"PropertyValueSpecification","valueRequired":true,"valueName":"search_term_string"}}],"inLanguage":"en-US"},{"@type":"Organization","@id":"https:\/\/www.castrobrey.com\/#organization","name":"Sin Palabras","url":"https:\/\/www.castrobrey.com\/","logo":{"@type":"ImageObject","inLanguage":"en-US","@id":"https:\/\/www.castrobrey.com\/#\/schema\/logo\/image\/","url":"https:\/\/www.castrobrey.com\/wp-content\/uploads\/sin_palabras-negro.jpg","contentUrl":"https:\/\/www.castrobrey.com\/wp-content\/uploads\/sin_palabras-negro.jpg","width":1000,"height":126,"caption":"Sin Palabras"},"image":{"@id":"https:\/\/www.castrobrey.com\/#\/schema\/logo\/image\/"}}]}},"_links":{"self":[{"href":"https:\/\/www.castrobrey.com\/en\/wp-json\/wp\/v2\/pages\/2148","targetHints":{"allow":["GET"]}}],"collection":[{"href":"https:\/\/www.castrobrey.com\/en\/wp-json\/wp\/v2\/pages"}],"about":[{"href":"https:\/\/www.castrobrey.com\/en\/wp-json\/wp\/v2\/types\/page"}],"author":[{"embeddable":true,"href":"https:\/\/www.castrobrey.com\/en\/wp-json\/wp\/v2\/users\/1"}],"replies":[{"embeddable":true,"href":"https:\/\/www.castrobrey.com\/en\/wp-json\/wp\/v2\/comments?post=2148"}],"version-history":[{"count":4,"href":"https:\/\/www.castrobrey.com\/en\/wp-json\/wp\/v2\/pages\/2148\/revisions"}],"predecessor-version":[{"id":2152,"href":"https:\/\/www.castrobrey.com\/en\/wp-json\/wp\/v2\/pages\/2148\/revisions\/2152"}],"wp:attachment":[{"href":"https:\/\/www.castrobrey.com\/en\/wp-json\/wp\/v2\/media?parent=2148"}],"curies":[{"name":"wp","href":"https:\/\/api.w.org\/{rel}","templated":true}]}}